{"id":7832,"date":"2014-04-07T15:23:37","date_gmt":"2014-04-07T15:23:37","guid":{"rendered":"http:\/\/health-center.vamtam.com\/?page_id=7832"},"modified":"2022-03-21T16:09:23","modified_gmt":"2022-03-21T16:09:23","slug":"home-new","status":"publish","type":"page","link":"https:\/\/healthways.com.pt\/","title":{"rendered":"Home &#8211; new"},"content":{"rendered":"<h4 style=\"font-weight: 400;\"><strong>Informa\u00e7\u00e3o geral do grupo relativamente &nbsp;\u00e0 pandemia de COVID-19:<\/strong><\/h4>\n<p style=\"font-weight: 400;\">&#8211; Obrigat\u00f3rio o uso de m\u00e1scara para entrar em qualquer cl\u00ednica do grupo;<\/p>\n<p style=\"font-weight: 400;\">&#8211; Utentes com febre, tosse, diarreia ou que regressaram recentemente de pa\u00edses ou zonas end\u00e9micas, com exames marcados, estes ser\u00e3o remarcados.<\/p>\n\t\t<h2 class=\"text-divider-double\">\t\t\t\nAs nossas Cl\u00ednicas\t\t<\/h2>\t\t<div class=\"sep\"><\/div>\t\n<div class=\"row \"><div class=\"wpv-grid grid-1-4  wpv-first-level parallax-bg first unextended\" style=\"padding-top:0px;padding-bottom:0px\" id=\"wpv-column-52ac5b1da5fe217c2c1d7082f0a9f967\"  data-parallax-method=\"to-centre\" data-parallax-inertia=\"-0.3\"><div class=\"row \"><div class=\"wpv-grid grid-5-6  first unextended animation-fade-in animated-active\" style=\"padding-top:0px;padding-bottom:0px\" id=\"wpv-column-887e7935adfb6f5269e2e11f962b6e47\" >\n<div  data-href=\"http:\/\/healthways.com.pt\/index.php\/cil-clinica-de-imagiologia-da-lapa-2\/\" tabindex=\"1\" data-target=\"_self\" class=\"linkarea clearfix accent3  background-accent1\">\n\t\t\t\t<div class=\"last\"><p style=\"text-align: left;\"><span style=\"color: #ffffff;\">CIL \u2013 Cl\u00ednica de Imagiologia da Lapa<\/span><\/p>\n<h6 style=\"text-align: left;\"><span style=\"color: #ffffff;\">Figueira da Foz<\/span><\/h6><\/div>\n\t<\/div><\/div><\/div><\/div>\n<div class=\"wpv-grid grid-1-4  wpv-first-level parallax-bg unextended\" style=\"padding-top:0px;padding-bottom:0px\" id=\"wpv-column-4e026412d93e0fffa82074c59cd8ced8\"  data-parallax-method=\"to-centre\" data-parallax-inertia=\"-0.3\"><div class=\"row \"><div class=\"wpv-grid grid-5-6  first unextended animation-fade-in animated-active\" style=\"padding-top:0px;padding-bottom:0px\" id=\"wpv-column-f67f6f94f873d4c751b6ebcba214f2d8\" >\n<div  data-href=\"http:\/\/healthways.com.pt\/index.php\/cardiofoz-clinica-de-cardiologia\/\" tabindex=\"1\" data-target=\"_self\" class=\"linkarea clearfix accent3  background-accent1\">\n\t\t\t\t<div class=\"last\"><span style=\"color: #ffffff;\">Cardiofoz \u2013 Cl\u00ednica de Cardiologia<\/span><\/p>\n<h6 style=\"text-align: left;\"><span style=\"color: #ffffff;\">Figueira da Foz<\/span><\/h6><\/div>\n\t<\/div><\/div><\/div><\/div>\n<div class=\"wpv-grid grid-1-4  wpv-first-level parallax-bg unextended\" style=\"padding-top:0px;padding-bottom:0px\" id=\"wpv-column-e673d32ac6844e03d3591aa43d3d0030\"  data-parallax-method=\"to-centre\" data-parallax-inertia=\"-0.3\"><div class=\"row \"><div class=\"wpv-grid grid-5-6  first unextended animation-fade-in animated-active\" style=\"padding-top:0px;padding-bottom:0px\" id=\"wpv-column-d337ce46a0bc5b3c897641877aa30465\" >\n<div  data-href=\"http:\/\/healthways.com.pt\/index.php\/grc-gabinete-de-radiodiagnostico-do-centro\/\" tabindex=\"1\" data-target=\"_self\" class=\"linkarea clearfix accent3  background-accent1\">\n\t\t\t\t<div class=\"last\"><p style=\"text-align: left;\"><span style=\"color: #ffffff;\">GRC \u2013 Gabinete de Radiodiagn\u00f3stico do Centro<\/span><\/p>\n<h6 style=\"text-align: left;\"><span style=\"color: #ffffff;\">Figueira da Foz<\/span><\/h6><\/div>\n\t<\/div><\/div><\/div><\/div>\n<div class=\"wpv-grid grid-1-4  wpv-first-level parallax-bg unextended\" style=\"padding-top:0px;padding-bottom:0px\" id=\"wpv-column-5c3c1aa0f7e195900555993c3a4164ba\"  data-parallax-method=\"to-centre\" data-parallax-inertia=\"-0.3\"><div class=\"row \"><div class=\"wpv-grid grid-5-6  first unextended animation-fade-in animated-active\" style=\"padding-top:0px;padding-bottom:0px\" id=\"wpv-column-9f3a332030e2022a8e4655b36e12c3e0\" >\n<div  data-href=\"http:\/\/healthways.com.pt\/index.php\/cimacon\/\" tabindex=\"1\" data-target=\"_self\" class=\"linkarea clearfix accent3  background-accent1\">\n\t\t\t\t<div class=\"last\"><span style=\"color: #ffffff;\">Cimacon \u2013 Cl\u00ednica de Imagiologia<\/span><\/p>\n<h6 style=\"text-align: left;\"><span style=\"color: #ffffff;\">Condeixa-A-Nova<\/span><\/h6><\/div>\n\t<\/div><\/div><\/div><\/div><\/div>\n<div class=\"row \"><div class=\"wpv-grid grid-1-4  wpv-first-level parallax-bg first unextended\" style=\"padding-top:0px;padding-bottom:0px\" id=\"wpv-column-b8c22566bd163636b7cc4c6ceb1dcda9\"  data-parallax-method=\"to-centre\" data-parallax-inertia=\"-0.3\"><div class=\"push\" style='height:10px'><\/div>\n<div class=\"row \"><div class=\"wpv-grid grid-5-6  first unextended animation-fade-in animated-active\" style=\"padding-top:0px;padding-bottom:0px\" id=\"wpv-column-5eb78c37f6cec05ee3f63024438f6adc\" >\n<div  data-href=\"http:\/\/healthways.com.pt\/index.php\/ecomedica\/\" tabindex=\"1\" data-target=\"_self\" class=\"linkarea clearfix accent3  background-accent1\">\n\t\t\t\t<div class=\"last\"><p style=\"text-align: left;\"><span style=\"color: #ffffff;\">Ecom\u00e9dica \u2013 Centro M\u00e9dico de Diagn\u00f3stico<\/span><\/p>\n<h6 style=\"text-align: left;\"><span style=\"color: #ffffff;\">Coimbra<\/span><\/h6><\/div>\n\t<\/div><\/div><\/div><\/div>\n<div class=\"wpv-grid grid-1-4  wpv-first-level parallax-bg unextended\" style=\"padding-top:0px;padding-bottom:0px\" id=\"wpv-column-f6f345395cf9c179e4b761641106551c\"  data-parallax-method=\"to-centre\" data-parallax-inertia=\"-0.3\"><div class=\"row \"><div class=\"wpv-grid grid-5-6  first unextended animation-fade-in animated-active\" style=\"padding-top:0px;padding-bottom:0px\" id=\"wpv-column-f1aff18000c20ca84e5f30d6ab98aa7a\" >\n<div  data-href=\"http:\/\/healthways.com.pt\/index.php\/clinica-guilherme-tralhao-centro-diagnostico-radiologico\/\" tabindex=\"1\" data-target=\"_self\" class=\"linkarea clearfix accent3  background-accent1\">\n\t\t\t\t<div class=\"last\"><span style=\"color: #ffffff;\">Cl\u00ednica Guilherme Tralh\u00e3o \u2013 Centro de Diagn\u00f3stico Radiologico<\/span><\/p>\n<h6 style=\"text-align: left;\"><span style=\"color: #ffffff;\">Coimbra<\/span><\/h6><\/div>\n\t<\/div><\/div><\/div><\/div><\/div>\n\t\t<h2 class=\"text-divider-double\">\t\t\t\nServi\u00e7os\t\t<\/h2>\t\t<div class=\"sep\"><\/div>\t\n<div class=\"row \"><div class=\"wpv-grid grid-1-1  wpv-first-level first extended\" style=\"padding-top:0px;padding-bottom:20px\" id=\"wpv-column-8a5ab3865dd108b0f6864cac83567d34\" ><div class=\"extended-column-inner\"><div class=\"row \"><div class=\"wpv-grid grid-1-6  first unextended animation-fade-in animated-active\" style=\"padding-top:0px;padding-bottom:0px\" id=\"wpv-column-1be3104c7a03483d499a39d10f07367d\" >\n<div  data-href=\"http:\/\/healthways.com.pt\/index.php\/2015\/06\/04\/raio-x\/\" tabindex=\"1\" data-target=\"_self\" class=\"linkarea clearfix accent4  background-transparent\">\n\t\t\t<div class=\"first\"><img decoding=\"async\" src=\"http:\/\/healthways.com.pt\/wp-content\/uploads\/2014\/04\/icon9.png\" alt=\"\" \/><\/div>\n\t\t\t\t<div class=\"last\"><h3 style=\"text-align: center;\">Radiologia Digital<\/h3>\n<p style=\"text-align: center;\"><a href=\"http:\/\/healthways.com.pt\/index.php\/2015\/06\/04\/raio-x\/\">A Radiologia Convencional \u00e9 um m\u00e9todo de imagem&#8230;<\/a><\/div>\n\t<\/div><\/div>\n<div class=\"wpv-grid grid-1-6  unextended animation-fade-in animated-active\" style=\"padding-top:0px;padding-bottom:0px\" id=\"wpv-column-67480be118a20b55f8a9e92cbd2fdc17\" >\n<div  data-href=\"http:\/\/healthways.com.pt\/index.php\/2015\/05\/30\/mamografia\/\" tabindex=\"1\" data-target=\"_self\" class=\"linkarea clearfix accent4  background-transparent\">\n\t\t\t<div class=\"first\"><img decoding=\"async\" src=\"http:\/\/healthways.com.pt\/wp-content\/uploads\/2014\/04\/mamografia_icon.png\" alt=\"\" \/><\/div>\n\t\t\t\t<div class=\"last\"><h3 style=\"text-align: center;\">Mamografia<\/h3>\n<p style=\"text-align: center;\"><a href=\"http:\/\/healthways.com.pt\/index.php\/2015\/05\/30\/mamografia\/\">\u00c9 um exame espec\u00edfico para estudo da mama&#8230;<\/a><\/div>\n\t<\/div><\/div>\n<div class=\"wpv-grid grid-1-6  unextended animation-fade-in animated-active\" style=\"padding-top:0px;padding-bottom:0px\" id=\"wpv-column-0d28bf77de5a40f4c5f91bf4cf2152a9\" >\n<div  data-href=\"http:\/\/healthways.com.pt\/index.php\/2015\/06\/11\/densitometria-ossea-dmo\/\" tabindex=\"1\" data-target=\"_self\" class=\"linkarea clearfix accent4  background-transparent\">\n\t\t\t<div class=\"first\"><img decoding=\"async\" src=\"http:\/\/healthways.com.pt\/wp-content\/uploads\/2014\/04\/icon5.png\" alt=\"\" \/><\/div>\n\t\t\t\t<div class=\"last\"><h3 style=\"text-align: center;\">Densitometria \u00d3ssea (DMO)<\/h3>\n<p style=\"text-align: center;\">&nbsp;<a href=\"http:\/\/healthways.com.pt\/index.php\/2015\/06\/11\/densitometria-ossea-dmo\/\">\u00c9 um exame de radiologia que mede &#8230;<\/a><\/div>\n\t<\/div><\/div>\n<div class=\"wpv-grid grid-1-6  unextended animation-fade-in animated-active\" style=\"padding-top:0px;padding-bottom:0px\" id=\"wpv-column-a3e7e53368e70b8dbf2f2c75e69b138f\" >\n<div  data-href=\"http:\/\/healthways.com.pt\/index.php\/2015\/06\/11\/ortopantomografia\/\" tabindex=\"1\" data-target=\"_self\" class=\"linkarea clearfix accent4  background-transparent\">\n\t\t\t<div class=\"first\"><img decoding=\"async\" src=\"http:\/\/healthways.com.pt\/wp-content\/uploads\/2014\/04\/icon7.png\" alt=\"\" \/><\/div>\n\t\t\t\t<div class=\"last\"><h3 style=\"text-align: center;\">Radiologia Dent\u00e1ria<\/h3>\n<p style=\"text-align: center;\"><a href=\"http:\/\/healthways.com.pt\/index.php\/2015\/06\/11\/ortopantomografia\/\">tamb\u00e9m chamada de raio-x panor\u00e2mico &#8230;<\/a><\/div>\n\t<\/div><\/div>\n<div class=\"wpv-grid grid-1-6  unextended animation-fade-in animated-active\" style=\"padding-top:0px;padding-bottom:0px\" id=\"wpv-column-eddb46ed0de09c77a4905fb5989d5387\" >\n<div  data-href=\"http:\/\/healthways.com.pt\/index.php\/2015\/06\/11\/ecografia\/\" tabindex=\"1\" data-target=\"_self\" class=\"linkarea clearfix accent4  background-transparent\">\n\t\t\t<div class=\"first\"><img decoding=\"async\" src=\"http:\/\/healthways.com.pt\/wp-content\/uploads\/2014\/04\/ecografia.png\" alt=\"\" \/><\/div>\n\t\t\t\t<div class=\"last\"><h3 style=\"text-align: center;\">Ecografia<\/h3>\n<p style=\"text-align: center;\"><a href=\"http:\/\/healthways.com.pt\/index.php\/2015\/06\/11\/ecografia\/\">A ecografia ou ultrassonografia \u00e9&nbsp;&#8230;<\/a><\/div>\n\t<\/div><\/div>\n<div class=\"wpv-grid grid-1-6  unextended animation-fade-in animated-active\" style=\"padding-top:0px;padding-bottom:0px\" id=\"wpv-column-1de9c3e47940d59cba25b01dee3c3705\" >\n<div  data-href=\"http:\/\/healthways.com.pt\/index.php\/2015\/06\/11\/ecodoppler\/\" tabindex=\"1\" data-target=\"_self\" class=\"linkarea clearfix accent4  background-transparent\">\n\t\t\t<div class=\"first\"><img decoding=\"async\" src=\"http:\/\/healthways.com.pt\/wp-content\/uploads\/2014\/04\/ecografia.png\" alt=\"\" \/><\/div>\n\t\t\t\t<div class=\"last\"><h3 style=\"text-align: center;\">Ecodoppler<\/h3>\n<p style=\"text-align: center;\"><a href=\"http:\/\/healthways.com.pt\/index.php\/2015\/06\/11\/ecodoppler\/\">Exame m\u00e9dico que utiliza ultrassons&#8230;<\/a><\/div>\n\t<\/div><\/div><\/div>\n<div class=\"row \"><div class=\"wpv-grid grid-1-6  first unextended animation-fade-in animated-active\" style=\"padding-top:0px;padding-bottom:0px\" id=\"wpv-column-902347823a465a0b393bcc449f684d49\" >\n<div  data-href=\"http:\/\/healthways.com.pt\/index.php\/2015\/06\/11\/tac-tomografia-axial-computorizada\/\" tabindex=\"1\" data-target=\"_self\" class=\"linkarea clearfix accent4  background-transparent\">\n\t\t\t<div class=\"first\"><img decoding=\"async\" src=\"http:\/\/health-center.vamtam.com\/wp-content\/uploads\/2014\/03\/icon12.png\" alt=\"\" \/><\/div>\n\t\t\t\t<div class=\"last\"><h3 style=\"text-align: center;\">TAC &#8211;&nbsp;<span class=\"title\">Tomografia Axial Computorizada<\/span><\/h3>\n<p style=\"text-align: center;\"><a href=\"http:\/\/healthways.com.pt\/index.php\/2015\/06\/11\/tac-tomografia-axial-computorizada\/\">Permite observar os \u00f3rg\u00e3os e tecidos&#8230;<\/a><\/div>\n\t<\/div><\/div>\n<div class=\"wpv-grid grid-1-6  unextended animation-fade-in animated-active\" style=\"padding-top:0px;padding-bottom:0px\" id=\"wpv-column-0639983fccde8d5be39f3dad2d0f517f\" >\n<div  data-href=\"http:\/\/healthways.com.pt\/index.php\/2015\/06\/11\/ecg-electrocardiograma\/\" tabindex=\"1\" data-target=\"_self\" class=\"linkarea clearfix accent4  background-transparent\">\n\t\t\t<div class=\"first\"><img decoding=\"async\" src=\"http:\/\/healthways.com.pt\/wp-content\/uploads\/2015\/06\/eletrocardiograma.png\" alt=\"\" \/><\/div>\n\t\t\t\t<div class=\"last\"><h3 style=\"text-align: center;\">ECG &#8211;&nbsp;<span class=\"title\">Electrocardiograma<\/span><\/h3>\n<p style=\"text-align: center;\"><a href=\"http:\/\/healthways.com.pt\/index.php\/2015\/06\/11\/ecg-electrocardiograma\/\">ECG corresponde a electrocardiograma&#8230;<\/a><\/div>\n\t<\/div><\/div>\n<div class=\"wpv-grid grid-1-6  unextended animation-fade-in animated-active\" style=\"padding-top:0px;padding-bottom:0px\" id=\"wpv-column-591cfba0cefaa30f39b700231ade9e18\" >\n<div  data-href=\"http:\/\/healthways.com.pt\/index.php\/2015\/06\/11\/ecocardiografia\/\" tabindex=\"1\" data-target=\"_self\" class=\"linkarea clearfix accent4  background-transparent\">\n\t\t\t<div class=\"first\"><img decoding=\"async\" src=\"http:\/\/healthways.com.pt\/wp-content\/uploads\/2015\/06\/eletrocardiograma.png\" alt=\"\" \/><\/div>\n\t\t\t\t<div class=\"last\"><h3 style=\"text-align: center;\">Ecocardiografia<\/h3>\n<p style=\"text-align: center;\"><a href=\"http:\/\/healthways.com.pt\/index.php\/2015\/06\/11\/ecocardiografia\/\">ECG corresponde a electrocardiograma&#8230;<\/a><\/div>\n\t<\/div><\/div>\n<div class=\"wpv-grid grid-1-6  unextended animation-fade-in animated-active\" style=\"padding-top:0px;padding-bottom:0px\" id=\"wpv-column-d90ddaf4f120d14e75cd8cca156b7639\" >\n<div  data-href=\"http:\/\/healthways.com.pt\/index.php\/2015\/06\/15\/prova-de-esforco\/\" tabindex=\"1\" data-target=\"_self\" class=\"linkarea clearfix accent4  background-transparent\">\n\t\t\t<div class=\"first\"><img decoding=\"async\" src=\"http:\/\/healthways.com.pt\/wp-content\/uploads\/2015\/06\/esfor\u00e7o.png\" alt=\"\" \/><\/div>\n\t\t\t\t<div class=\"last\"><h3 style=\"text-align: center;\">Prova de Esfor\u00e7o<\/h3>\n<p style=\"text-align: center;\"><a href=\"http:\/\/healthways.com.pt\/index.php\/2015\/06\/15\/prova-de-esforco\/\">Tamb\u00e9m conhecida como prova do tapete rolante&#8230;<\/a><\/div>\n\t<\/div><\/div>\n<div class=\"wpv-grid grid-1-6  unextended animation-fade-in animated-active\" style=\"padding-top:0px;padding-bottom:0px\" id=\"wpv-column-410b9252aeca8dfad7d949ca9e276f43\" >\n<div  data-href=\"http:\/\/healthways.com.pt\/index.php\/2015\/06\/15\/holter\/\" tabindex=\"1\" data-target=\"_self\" class=\"linkarea clearfix accent4  background-transparent\">\n\t\t\t<div class=\"first\"><img decoding=\"async\" src=\"http:\/\/healthways.com.pt\/wp-content\/uploads\/2015\/06\/holter1.png\" alt=\"\" \/><\/div>\n\t\t\t\t<div class=\"last\"><h3 style=\"text-align: center;\">Holter<\/h3>\n<p style=\"text-align: center;\"><a href=\"http:\/\/healthways.com.pt\/index.php\/2015\/06\/15\/holter\/\">ECG port\u00e1til que regista o ritmo card\u00edaco ao longo&#8230;<\/a><\/div>\n\t<\/div><\/div>\n<div class=\"wpv-grid grid-1-6  unextended animation-fade-in animated-active\" style=\"padding-top:0px;padding-bottom:0px\" id=\"wpv-column-9fb293b325dffbd51e73d8e8a4a0a3f9\" >\n<div  data-href=\"http:\/\/healthways.com.pt\/index.php\/2015\/06\/15\/mapa-monitorizacao-ambulatoria-da-pressao-arterial\/\" tabindex=\"1\" data-target=\"_self\" class=\"linkarea clearfix accent4  background-transparent\">\n\t\t\t<div class=\"first\"><img decoding=\"async\" src=\"http:\/\/healthways.com.pt\/wp-content\/uploads\/2015\/06\/mapa.png\" alt=\"\" \/><\/div>\n\t\t\t\t<div class=\"last\"><h3 style=\"text-align: center;\">M.A.P.A.<\/h3>\n<p style=\"text-align: center;\"><a href=\"http:\/\/healthways.com.pt\/index.php\/2015\/06\/15\/mapa-monitorizacao-ambulatoria-da-pressao-arterial\/\">Monitoriza\u00e7\u00e3o Ambulatorial da Press\u00e3o Arterial&#8230;<\/a><\/div>\n\t<\/div><\/div><\/div>\n<div class=\"row \"><div class=\"wpv-grid grid-1-6  first unextended animation-fade-in animated-active\" style=\"padding-top:0px;padding-bottom:0px\" id=\"wpv-column-453a3b27ec2b6c6c5f25fd7de85a48c0\" >\n<div  data-href=\"http:\/\/healthways.com.pt\/index.php\/2015\/06\/15\/colonoscopia\/\" tabindex=\"1\" data-target=\"_self\" class=\"linkarea clearfix accent4  background-transparent\">\n\t\t\t<div class=\"first\"><img decoding=\"async\" src=\"http:\/\/healthways.com.pt\/wp-content\/uploads\/2015\/06\/colonoscopia.png\" alt=\"\" \/><\/div>\n\t\t\t\t<div class=\"last\"><h3 style=\"text-align: center;\">Colonoscopia<\/h3>\n<p style=\"text-align: center;\"><a href=\"http:\/\/healthways.com.pt\/index.php\/2015\/06\/15\/colonoscopia\/\">Analisar o revestimento interno do intestino grosso&#8230;<\/a><\/div>\n\t<\/div><\/div>\n<div class=\"wpv-grid grid-1-6  unextended animation-fade-in animated-active\" style=\"padding-top:0px;padding-bottom:0px\" id=\"wpv-column-18bfaf4f8f1c17e0590b5d4b0eee3d92\" >\n<div  data-href=\"http:\/\/healthways.com.pt\/index.php\/2015\/06\/15\/endoscopia-digestiva-alta\/\" tabindex=\"1\" data-target=\"_self\" class=\"linkarea clearfix accent4  background-transparent\">\n\t\t\t<div class=\"first\"><img decoding=\"async\" src=\"http:\/\/healthways.com.pt\/wp-content\/uploads\/2014\/04\/endoscopia.png\" alt=\"\" \/><\/div>\n\t\t\t\t<div class=\"last\"><h3 style=\"text-align: center;\">Endoscopia digestiva alta<\/h3>\n<p style=\"text-align: center;\"><a href=\"http:\/\/healthways.com.pt\/index.php\/2015\/06\/15\/endoscopia-digestiva-alta\/\">Exame complementar de diagn\u00f3stico, invasivo<wbr>, que tem&#8230;<\/a><\/div>\n\t<\/div><\/div>\n<div class=\"wpv-grid grid-1-6  unextended animation-fade-in animated-active\" style=\"padding-top:0px;padding-bottom:0px\" id=\"wpv-column-a75caa4a621deb4bfc0f96e1820e4580\" >\n<div  data-href=\"http:\/\/healthways.com.pt\/index.php\/2015\/06\/15\/recolha-de-analises\/\" tabindex=\"1\" data-target=\"_self\" class=\"linkarea clearfix accent4  background-transparent\">\n\t\t\t<div class=\"first\"><img decoding=\"async\" src=\"http:\/\/healthways.com.pt\/wp-content\/uploads\/2014\/04\/analises.png\" alt=\"\" \/><\/div>\n\t\t\t\t<div class=\"last\"><h3 style=\"text-align: center;\">An\u00e1lises Cl\u00ednicas<\/h3>\n<p style=\"text-align: center;\"><a href=\"http:\/\/healthways.com.pt\/index.php\/2015\/06\/15\/recolha-de-analises\/\">Processo de prepara\u00e7\u00e3o e recolha de an\u00e1lises&#8230;<\/a><\/div>\n\t<\/div><\/div>\n<div class=\"wpv-grid grid-1-6  unextended animation-fade-in animated-active\" style=\"padding-top:0px;padding-bottom:0px\" id=\"wpv-column-eb2b376521d97bd57929623555a80189\" >\n<div  data-href=\"http:\/\/healthways.com.pt\/index.php\/2015\/06\/15\/centro-de-enfermagem\/\" tabindex=\"1\" data-target=\"_self\" class=\"linkarea clearfix accent4  background-transparent\">\n\t\t\t<div class=\"first\"><img decoding=\"async\" src=\"http:\/\/healthways.com.pt\/wp-content\/uploads\/2015\/06\/enfermagem.png\" alt=\"\" \/><\/div>\n\t\t\t\t<div class=\"last\"><h3 style=\"text-align: center;\">Centro de enfermagem<\/h3>\n<p style=\"text-align: center;\"><a href=\"http:\/\/healthways.com.pt\/index.php\/2015\/06\/15\/centro-de-enfermagem\/\">Objectivo de prestar Cuidados M\u00e9dico-<wbr>Cir\u00fargicos&#8230;<\/a><\/div>\n\t<\/div><\/div><\/div><\/div><\/div><\/div>\n<div class=\"row \"><div class=\"wpv-grid grid-1-1  wpv-first-level first unextended\" style=\"padding-top:30px;padding-bottom:10px\" id=\"wpv-column-ea3b654edfd8bbb56c7743b6b7b2949f\" ><div class=\"row \"><div class=\"wpv-grid grid-1-1  first unextended animation-from-left animated-active\" style=\"padding-top:0px;padding-bottom:0px\" id=\"wpv-column-10d52331b5ccc661dab79aecf9bccc35\" ><h2>Healthways Group<\/h2>\n<p>Bem-vindo<\/p>\n<p>O grupo, surgido em 2006, desenvolve a sua atividade essencialmente no \u00e2mbito dos meios complementares de diagn\u00f3stico, nomeadamente <strong>Imagiologia<\/strong>, <strong>Cardiologia, Gastroenterologia e An\u00e1lises Cl\u00ednicas<\/strong>.<\/p>\n<p>Aposta num modelo de servi\u00e7o distinto pautado pela inova\u00e7\u00e3o e qualidade, valores que considera fundamentais para o bem-estar de quem o escolhe, tendo como base a disponibiliza\u00e7\u00e3o do servi\u00e7o numa \u00f3ptica de proximidade e de rela\u00e7\u00e3o personalizada com os seus utilizadores.<\/p>\n<p>Pretende desta forma contribuir decisivamente para a melhoria das condi\u00e7\u00f5es de sa\u00fade e da qualidade de vida das popula\u00e7\u00f5es da sua \u00e1rea de influ\u00eancia, desempenhando um papel decisivo na medicina preventiva e contribuindo para incrementar a performance da medicina.<\/p>\n<div class=\"push\" style='height:10px'><\/div><\/div><\/div><\/div><\/div>\n<div class=\"push\" style='height:60px'><\/div>\n<div class=\"row \"><div class=\"wpv-grid grid-1-1  wpv-first-level parallax-bg first has-background extended\" style=\"\n\t\t\t\tbackground: url( 'http:\/\/healthways.com.pt\/wp-content\/uploads\/2014\/04\/imagem_clinica.png' ) no-repeat center top;\n\t\t\t\tbackground-size: cover;\n\t\t\t\tbackground-attachment: fixed;\n\t\t\tpadding-top:200px;padding-bottom:170px\" id=\"section-moto\"  data-parallax-method=\"to-centre\" data-parallax-inertia=\"-0.3\"><div class=\"extended-column-inner\"><h1 style=\"text-align: center; color: #fff;\">\u201cPresta\u00e7\u00e3o de cuidados de excel\u00eancia em termos t\u00e9cnicos e humanos com total sentido de responsabilidade\u201d<\/h1>\n<h4 style=\"text-align: center; color: #d0f2fd;\">&#8211; Healthways Group<\/h4><\/div><\/div><\/div>\n<div class=\"row \"><div class=\"wpv-grid grid-1-1  wpv-first-level parallax-bg first extended\" style=\"padding-top:80px;padding-bottom:88px\" id=\"section-moto\"  data-parallax-method=\"to-centre\" data-parallax-inertia=\"-0.3\"><div class=\"extended-column-inner\"><div class=\"slogan clearfix  has-button\">\n\t<div class=\"slogan-content\">\n\t\t\n\t<\/div>\n\t\t<div class=\"button-wrp\">\n\t\t<a href=\"http:\/\/healthways.com.pt\/index.php\/perguntas-frequentes\/\" class=\"button vamtam-button accent2  button-filled hover-accent1 \"><span class=\"btext\">Perguntas Frequentes<\/span><span class='icon shortcode  ' style=''>&#57928;<\/span><\/a>\t<\/div>\n\t<\/div>\n<\/div><\/div><\/div>\n","protected":false},"excerpt":{"rendered":"<p>Informa\u00e7\u00e3o geral do grupo relativamente &nbsp;\u00e0 pandemia de COVID-19: &#8211; Obrigat\u00f3rio o uso de m\u00e1scara para entrar em qualquer cl\u00ednica do grupo; &#8211; Utentes com febre, tosse, diarreia ou que regressaram recentemente de pa\u00edses ou zonas end\u00e9micas, com exames marcados, estes ser\u00e3o remarcados. Healthways Group Bem-vindo O grupo, surgido em 2006, desenvolve a sua atividade&#8230;<\/p>\n","protected":false},"author":1,"featured_media":0,"parent":0,"menu_order":0,"comment_status":"closed","ping_status":"closed","template":"","meta":{"ngg_post_thumbnail":0,"footnotes":""},"class_list":["post-7832","page","type-page","status-publish"],"_links":{"self":[{"href":"https:\/\/healthways.com.pt\/index.php\/wp-json\/wp\/v2\/pages\/7832","targetHints":{"allow":["GET"]}}],"collection":[{"href":"https:\/\/healthways.com.pt\/index.php\/wp-json\/wp\/v2\/pages"}],"about":[{"href":"https:\/\/healthways.com.pt\/index.php\/wp-json\/wp\/v2\/types\/page"}],"author":[{"embeddable":true,"href":"https:\/\/healthways.com.pt\/index.php\/wp-json\/wp\/v2\/users\/1"}],"replies":[{"embeddable":true,"href":"https:\/\/healthways.com.pt\/index.php\/wp-json\/wp\/v2\/comments?post=7832"}],"version-history":[{"count":310,"href":"https:\/\/healthways.com.pt\/index.php\/wp-json\/wp\/v2\/pages\/7832\/revisions"}],"predecessor-version":[{"id":9897,"href":"https:\/\/healthways.com.pt\/index.php\/wp-json\/wp\/v2\/pages\/7832\/revisions\/9897"}],"wp:attachment":[{"href":"https:\/\/healthways.com.pt\/index.php\/wp-json\/wp\/v2\/media?parent=7832"}],"curies":[{"name":"wp","href":"https:\/\/api.w.org\/{rel}","templated":true}]}}