{"id":7907,"date":"2015-05-27T17:34:08","date_gmt":"2015-05-27T17:34:08","guid":{"rendered":"http:\/\/healthways.com.pt\/?page_id=7907"},"modified":"2015-05-27T17:34:08","modified_gmt":"2015-05-27T17:34:08","slug":"teste","status":"publish","type":"page","link":"https:\/\/healthways.com.pt\/index.php\/teste\/","title":{"rendered":"Teste"},"content":{"rendered":"<div class=\"wpv-accordion-wrapper wpv-accordion-1\"><style scoped>.wpv-accordion-1 .tab .inner { background-color: #3695EB; color: #ffffff; }<\/style><ul class=\"wpv-accordion\" data-collapsible=\"1\"><li class=\"pane-wrapper\" style=\"\">\n\t\t\t\t\t<h4 class=\"tab\"><span class=\"inner\">\u00c9 NECESS\u00c1RIA PREPARA\u00c7\u00c3O PARA A MAMOGRAFIA? <\/span><\/h4>\n\t\t\t\t\t<div class=\"pane\"><div class=\"inner\"><p>N\u00e3o \u00e9 necess\u00e1ria prepara\u00e7\u00e3o especial para realizar mamografia<br \/>\nPontos importantes a ter em conta:<br \/>\n&#8211; Se ainda \u00e9 menstruada e particularmente se sentir grande tens\u00e3o mam\u00e1ria nos per\u00edodos menstruais, n\u00e3o fa\u00e7a a mamografia nesta fase mais dolorosa. N\u00e3o interfere com o diagn\u00f3stico mas a compress\u00e3o da mama, necess\u00e1ria para o exame, torna-se mais dolorosa. Escolha de prefer\u00eancia fazer a mamografia na semana seguinte ao per\u00edodo menstrual.<br \/>\n&#8211; Antes de fazer a mamografia avise a t\u00e9cnica se houver alguma possibilidade de estar gr\u00e1vida.<br \/>\n&#8211; Fale ao m\u00e9dico de qualquer altera\u00e7\u00e3o que tenha notado na sua mama. Informe tamb\u00e9m o m\u00e9dico de cirurgias anteriores, utiliza\u00e7\u00e3o de hormonas ou de hist\u00f3ria familiar ou pessoal de cancro da mama.<br \/>\nAntes de fazer o exame \u00e9-lhe solicitado que se dispa da cintura para cima e dada uma bata que abre \u00e0 frente.<br \/>\n\u00c9 recomend\u00e1vel que:<br \/>\n&#8211; n\u00e3o use desodorizantes, p\u00f3 de talco ou lo\u00e7\u00e3o debaixo dos bra\u00e7os ou na mama no dia do exame. Estes podem aparecer no exame de raios X simulando pequenas calcifica\u00e7\u00f5es.<br \/>\n&#8211; descreva qualquer queixa \u00e0 t\u00e9cnica que lhe faz exame para ter a certeza que essa zona \u00e9 radiografada.<br \/>\n&#8211; sempre que poss\u00edvel leve as mamografias anteriores de modo que o radiologista possa compar\u00e1-las com os exames actuais.<br \/>\nN\u00e3o se esque\u00e7a de levantar os exames ou saber quando est\u00e3o dispon\u00edveis no seu m\u00e9dico. N\u00e3o assuma que o exame \u00e9 normal se n\u00e3o o ouvir da boca do m\u00e9dico.<\/div><\/div>\n\t\t\t\t\t<\/li><li class=\"pane-wrapper\" style=\"\">\n\t\t\t\t\t<h4 class=\"tab\"><span class=\"inner\">O QUE \u00c9 A MAMOGRAFIA? <\/span><\/h4>\n\t\t\t\t\t<div class=\"pane\"><div class=\"inner\"><p>N\u00e3o \u00e9 necess\u00e1ria prepara\u00e7\u00e3o especial para realizar mamografia<br \/>\nPontos importantes a ter em conta:<br \/>\n&#8211; Se ainda \u00e9 menstruada e particularmente se sentir grande tens\u00e3o mam\u00e1ria nos per\u00edodos menstruais, n\u00e3o fa\u00e7a a mamografia nesta fase mais dolorosa. N\u00e3o interfere com o diagn\u00f3stico mas a compress\u00e3o da mama, necess\u00e1ria para o exame, torna-se mais dolorosa. Escolha de prefer\u00eancia fazer a mamografia na semana seguinte ao per\u00edodo menstrual.<br \/>\n&#8211; Antes de fazer a mamografia avise a t\u00e9cnica se houver alguma possibilidade de estar gr\u00e1vida.<br \/>\n&#8211; Fale ao m\u00e9dico de qualquer altera\u00e7\u00e3o que tenha notado na sua mama. Informe tamb\u00e9m o m\u00e9dico de cirurgias anteriores, utiliza\u00e7\u00e3o de hormonas ou de hist\u00f3ria familiar ou pessoal de cancro da mama.<br \/>\nAntes de fazer o exame \u00e9-lhe solicitado que se dispa da cintura para cima e dada uma bata que abre \u00e0 frente.<br \/>\n\u00c9 recomend\u00e1vel que:<br \/>\n&#8211; n\u00e3o use desodorizantes, p\u00f3 de talco ou lo\u00e7\u00e3o debaixo dos bra\u00e7os ou na mama no dia do exame. Estes podem aparecer no exame de raios X simulando pequenas calcifica\u00e7\u00f5es.<br \/>\n&#8211; descreva qualquer queixa \u00e0 t\u00e9cnica que lhe faz exame para ter a certeza que essa zona \u00e9 radiografada.<br \/>\n&#8211; sempre que poss\u00edvel leve as mamografias anteriores de modo que o radiologista possa compar\u00e1-las com os exames actuais.<br \/>\nN\u00e3o se esque\u00e7a de levantar os exames ou saber quando est\u00e3o dispon\u00edveis no seu m\u00e9dico. N\u00e3o assuma que o exame \u00e9 normal se n\u00e3o o ouvir da boca do m\u00e9dico.<\/div><\/div>\n\t\t\t\t\t<\/li><\/ul><\/div>\n","protected":false},"excerpt":{"rendered":"\u00c9 NECESS\u00c1RIA PREPARA\u00c7\u00c3O PARA A MAMOGRAFIA? N\u00e3o \u00e9 necess\u00e1ria prepara\u00e7\u00e3o especial para realizar mamografia Pontos importantes a ter em conta: - Se ainda \u00e9 menstruada e particularmente se sentir grande tens\u00e3o mam\u00e1ria nos per\u00edodos menstruais, n\u00e3o fa\u00e7a a mamografia nesta fase mais dolorosa. N\u00e3o interfere com o diagn\u00f3stico mas a compress\u00e3o da mama, necess\u00e1ria para...","protected":false},"author":1,"featured_media":0,"parent":0,"menu_order":0,"comment_status":"closed","ping_status":"open","template":"","meta":{"ngg_post_thumbnail":0,"footnotes":""},"class_list":["post-7907","page","type-page","status-publish"],"_links":{"self":[{"href":"https:\/\/healthways.com.pt\/index.php\/wp-json\/wp\/v2\/pages\/7907","targetHints":{"allow":["GET"]}}],"collection":[{"href":"https:\/\/healthways.com.pt\/index.php\/wp-json\/wp\/v2\/pages"}],"about":[{"href":"https:\/\/healthways.com.pt\/index.php\/wp-json\/wp\/v2\/types\/page"}],"author":[{"embeddable":true,"href":"https:\/\/healthways.com.pt\/index.php\/wp-json\/wp\/v2\/users\/1"}],"replies":[{"embeddable":true,"href":"https:\/\/healthways.com.pt\/index.php\/wp-json\/wp\/v2\/comments?post=7907"}],"version-history":[{"count":1,"href":"https:\/\/healthways.com.pt\/index.php\/wp-json\/wp\/v2\/pages\/7907\/revisions"}],"predecessor-version":[{"id":7908,"href":"https:\/\/healthways.com.pt\/index.php\/wp-json\/wp\/v2\/pages\/7907\/revisions\/7908"}],"wp:attachment":[{"href":"https:\/\/healthways.com.pt\/index.php\/wp-json\/wp\/v2\/media?parent=7907"}],"curies":[{"name":"wp","href":"https:\/\/api.w.org\/{rel}","templated":true}]}}