{"id":9136,"date":"2018-07-31T23:40:16","date_gmt":"2018-07-31T23:40:16","guid":{"rendered":"http:\/\/healthways.com.pt\/?page_id=9136"},"modified":"2018-07-31T23:40:16","modified_gmt":"2018-07-31T23:40:16","slug":"visao-2-2-2","status":"publish","type":"page","link":"https:\/\/healthways.com.pt\/index.php\/visao-2-2-2\/","title":{"rendered":"Quem somos"},"content":{"rendered":"<p>O grupo, surgido em 2006, desenvolve a sua atividade essencialmente no \u00e2mbito dos meios complementares de diagn\u00f3stico, nomeadamente\u00a0Imagiologia,\u00a0Cardiologia, Gastroenterologia e An\u00e1lises Cl\u00ednicas.<\/p>\n<p>Aposta num modelo de servi\u00e7o distinto pautado pela inova\u00e7\u00e3o e qualidade, valores que considera fundamentais para o bem-estar de quem o escolhe, tendo como base a disponibiliza\u00e7\u00e3o do servi\u00e7o numa \u00f3tica de proximidade e de rela\u00e7\u00e3o personalizada com os seus utilizadores.<\/p>\n<p>Pretende desta forma contribuir decisivamente para a melhoria das condi\u00e7\u00f5es de sa\u00fade e da qualidade de vida das popula\u00e7\u00f5es da sua \u00e1rea de influ\u00eancia, desempenhando um papel decisivo na medicina preventiva e contribuindo para incrementar a performance da medicina.<\/p>\n","protected":false},"excerpt":{"rendered":"<p>O grupo, surgido em 2006, desenvolve a sua atividade essencialmente no \u00e2mbito dos meios complementares de diagn\u00f3stico, nomeadamente\u00a0Imagiologia,\u00a0Cardiologia, Gastroenterologia e An\u00e1lises Cl\u00ednicas. Aposta num modelo de servi\u00e7o distinto pautado pela inova\u00e7\u00e3o e qualidade, valores que considera fundamentais para o bem-estar de quem o escolhe, tendo como base a disponibiliza\u00e7\u00e3o do servi\u00e7o numa \u00f3tica de proximidade&#8230;<\/p>\n","protected":false},"author":2,"featured_media":0,"parent":0,"menu_order":0,"comment_status":"closed","ping_status":"closed","template":"","meta":{"ngg_post_thumbnail":0,"footnotes":""},"class_list":["post-9136","page","type-page","status-publish"],"_links":{"self":[{"href":"https:\/\/healthways.com.pt\/index.php\/wp-json\/wp\/v2\/pages\/9136","targetHints":{"allow":["GET"]}}],"collection":[{"href":"https:\/\/healthways.com.pt\/index.php\/wp-json\/wp\/v2\/pages"}],"about":[{"href":"https:\/\/healthways.com.pt\/index.php\/wp-json\/wp\/v2\/types\/page"}],"author":[{"embeddable":true,"href":"https:\/\/healthways.com.pt\/index.php\/wp-json\/wp\/v2\/users\/2"}],"replies":[{"embeddable":true,"href":"https:\/\/healthways.com.pt\/index.php\/wp-json\/wp\/v2\/comments?post=9136"}],"version-history":[{"count":2,"href":"https:\/\/healthways.com.pt\/index.php\/wp-json\/wp\/v2\/pages\/9136\/revisions"}],"predecessor-version":[{"id":9714,"href":"https:\/\/healthways.com.pt\/index.php\/wp-json\/wp\/v2\/pages\/9136\/revisions\/9714"}],"wp:attachment":[{"href":"https:\/\/healthways.com.pt\/index.php\/wp-json\/wp\/v2\/media?parent=9136"}],"curies":[{"name":"wp","href":"https:\/\/api.w.org\/{rel}","templated":true}]}}