{"id":9377,"date":"2019-04-08T14:52:00","date_gmt":"2019-04-08T14:52:00","guid":{"rendered":"http:\/\/healthways.com.pt\/?page_id=9377"},"modified":"2021-07-21T09:59:16","modified_gmt":"2021-07-21T09:59:16","slug":"colaboradores-centro-diagnostico-radiologico","status":"publish","type":"page","link":"https:\/\/healthways.com.pt\/index.php\/colaboradores-centro-diagnostico-radiologico\/","title":{"rendered":"Colaboradores > Guilherme Tralh\u00e3o \u2013 Centro Diagn\u00f3stico Radiol\u00f3gico"},"content":{"rendered":"<div class=\"wpv-tabs horizontal\" id=\"tabs-1\"><ul class=\"ui-tabs-nav\"><li><a href=\"#tab-1-0-administrativas-assistentes-de-consultorio\"> <span class=\"title-text\">Administrativas \/ Assistentes de Consult\u00f3rio<\/span><\/a><\/li><li><a href=\"#tab-1-1-tecnica-de-radiologia\"> <span class=\"title-text\">T\u00e9cnica de Radiologia<\/span><\/a><\/li><li><a href=\"#tab-1-2-tecnicos-de-cardiopneumologia\"> <span class=\"title-text\">T\u00e9cnicos de Cardiopneumologia<\/span><\/a><\/li><\/ul><div class=\"pane\" id=\"tab-1-0-administrativas-assistentes-de-consultorio\"><div class=\"row \"><div class=\"wpv-grid grid-1-5  first unextended animation-fade-in animated-active\" style=\"padding-top:0px;padding-bottom:0px\" id=\"wpv-column-847491e20860bfe18023ffa881e1c5c9\" ><div class=\"team-member\">\n\t\t<div class=\"thumbnail\">\n\t\t\t\t\t<img decoding=\"async\" src=\"http:\/\/healthways.com.pt\/wp-content\/uploads\/2015\/06\/medica2.png\" alt=\"\" \/>\t\t\t<\/div>\n\t\t<div class=\"team-member-info\">\n\t\t<h4>\n\t\t\t\t\t\t\tNat\u00e9rcia Dias\t\t\t\t\t<\/h4>\n\t\t\t\t\t<h6 class=\"team-member-position\">Administrativa<\/h6>\n\t\t\t\t\t\t\t\t<div class=\"share-icons clearfix\">\n\t\t\t\t\t<\/div>\n\t<\/div>\n<\/div>\n<\/div>\n<div class=\"wpv-grid grid-1-5  unextended animation-fade-in animated-active\" style=\"padding-top:0px;padding-bottom:0px\" id=\"wpv-column-45717539081a21db715a73d37652b7f8\" ><div class=\"team-member\">\n\t\t<div class=\"thumbnail\">\n\t\t\t\t\t<img decoding=\"async\" src=\"http:\/\/healthways.com.pt\/wp-content\/uploads\/2015\/06\/medica2.png\" alt=\"\" \/>\t\t\t<\/div>\n\t\t<div class=\"team-member-info\">\n\t\t<h4>\n\t\t\t\t\t\t\tVanessa Fernandes\t\t\t\t\t<\/h4>\n\t\t\t\t\t<h6 class=\"team-member-position\">Administrativa<\/h6>\n\t\t\t\t\t\t\t\t<div class=\"share-icons clearfix\">\n\t\t\t\t\t<\/div>\n\t<\/div>\n<\/div>\n<\/div>\n<div class=\"wpv-grid grid-1-5  unextended animation-fade-in animated-active\" style=\"padding-top:0px;padding-bottom:0px\" id=\"wpv-column-2cec9669e6fc2f018b25a57ac90d837a\" ><div class=\"team-member\">\n\t\t<div class=\"thumbnail\">\n\t\t\t\t\t<img decoding=\"async\" src=\"http:\/\/healthways.com.pt\/wp-content\/uploads\/2015\/06\/medica2.png\" alt=\"\" \/>\t\t\t<\/div>\n\t\t<div class=\"team-member-info\">\n\t\t<h4>\n\t\t\t\t\t\t\tCarina Marques\t\t\t\t\t<\/h4>\n\t\t\t\t\t<h6 class=\"team-member-position\">Administrativa<\/h6>\n\t\t\t\t\t\t\t\t<div class=\"share-icons clearfix\">\n\t\t\t\t\t<\/div>\n\t<\/div>\n<\/div>\n<\/div><\/div><\/div><div class=\"pane\" id=\"tab-1-1-tecnica-de-radiologia\"><div class=\"row \"><div class=\"wpv-grid grid-1-5  first unextended animation-fade-in animated-active\" style=\"padding-top:0px;padding-bottom:0px\" id=\"wpv-column-1a5a06119792c76f642a0b04811c4968\" ><div class=\"team-member\">\n\t\t<div class=\"thumbnail\">\n\t\t\t\t\t<img decoding=\"async\" src=\"http:\/\/healthways.com.pt\/wp-content\/uploads\/2015\/06\/medica2.png\" alt=\"\" \/>\t\t\t<\/div>\n\t\t<div class=\"team-member-info\">\n\t\t<h4>\n\t\t\t\t\t\t\tMariana Clemente\t\t\t\t\t<\/h4>\n\t\t\t\t\t<h6 class=\"team-member-position\">T\u00e9cnica de Radiologia<\/h6>\n\t\t\t\t\t\t\t\t<div class=\"share-icons clearfix\">\n\t\t\t\t\t<\/div>\n\t<\/div>\n<\/div>\n<\/div><\/div><\/div><div class=\"pane\" id=\"tab-1-2-tecnicos-de-cardiopneumologia\"><div class=\"row \"><div class=\"wpv-grid grid-1-5  first unextended animation-fade-in animated-active\" style=\"padding-top:0px;padding-bottom:0px\" id=\"wpv-column-afeaacd02077ebd8c65a1a62fa7ec01f\" ><div class=\"team-member\">\n\t\t<div class=\"thumbnail\">\n\t\t\t\t\t<img decoding=\"async\" src=\"http:\/\/healthways.com.pt\/wp-content\/uploads\/2015\/06\/medica2.png\" alt=\"\" \/>\t\t\t<\/div>\n\t\t<div class=\"team-member-info\">\n\t\t<h4>\n\t\t\t\t\t\t\tCl\u00e1udia Silva\t\t\t\t\t<\/h4>\n\t\t\t\t\t<h6 class=\"team-member-position\">T\u00e9cnica de Cardiopneumologia<\/h6>\n\t\t\t\t\t\t\t\t<div class=\"share-icons clearfix\">\n\t\t\t\t\t<\/div>\n\t<\/div>\n<\/div>\n<\/div>\n<div class=\"wpv-grid grid-1-5  unextended animation-fade-in animated-active\" style=\"padding-top:0px;padding-bottom:0px\" id=\"wpv-column-752707e8f05411ad9156db77963a0d4c\" ><div class=\"team-member\">\n\t\t<div class=\"thumbnail\">\n\t\t\t\t\t<img decoding=\"async\" src=\"http:\/\/healthways.com.pt\/wp-content\/uploads\/2015\/06\/medica2.png\" alt=\"\" \/>\t\t\t<\/div>\n\t\t<div class=\"team-member-info\">\n\t\t<h4>\n\t\t\t\t\t\t\tPatr\u00edcia Barros\t\t\t\t\t<\/h4>\n\t\t\t\t\t<h6 class=\"team-member-position\">T\u00e9cnica de Cardiopneumologia<\/h6>\n\t\t\t\t\t\t\t\t<div class=\"share-icons clearfix\">\n\t\t\t\t\t<\/div>\n\t<\/div>\n<\/div>\n<\/div>\n<div class=\"wpv-grid grid-1-5  unextended animation-fade-in animated-active\" style=\"padding-top:0px;padding-bottom:0px\" id=\"wpv-column-9f0102298d8d9b98751c4086f12e8308\" ><div class=\"team-member\">\n\t\t<div class=\"thumbnail\">\n\t\t\t\t\t<img decoding=\"async\" src=\"http:\/\/healthways.com.pt\/wp-content\/uploads\/2015\/06\/medico.png\" alt=\"\" \/>\t\t\t<\/div>\n\t\t<div class=\"team-member-info\">\n\t\t<h4>\n\t\t\t\t\t\t\tAnt\u00f3nio Barbosa\t\t\t\t\t<\/h4>\n\t\t\t\t\t<h6 class=\"team-member-position\">T\u00e9cnico de Cardiopneumologia<\/h6>\n\t\t\t\t\t\t\t\t<div class=\"share-icons clearfix\">\n\t\t\t\t\t<\/div>\n\t<\/div>\n<\/div>\n<\/div><\/div><\/div><\/div><style scoped>#tabs-1 .ui-tabs-nav,#tabs-1 .ui-tabs-nav li{background:#f5f5f6;}#tabs-1 .ui-tabs-nav li,#tabs-1 .ui-tabs-nav li a,#tabs-1 .ui-tabs-nav li a .icon{color:#36346f;}#tabs-1 .ui-tabs-nav .ui-state-active,#tabs-1 .ui-tabs-nav .ui-state-selected,#tabs-1 .ui-tabs-nav .ui-state-hover{background:#b5e0fc;}#tabs-1 .ui-tabs-nav .ui-state-active,#tabs-1 .ui-tabs-nav .ui-state-active a,#tabs-1 .ui-tabs-nav .ui-state-active a .icon,#tabs-1 .ui-tabs-nav .ui-state-selected,#tabs-1 .ui-tabs-nav .ui-state-selected a,#tabs-1 .ui-tabs-nav .ui-state-selected a .icon,#tabs-1 .ui-tabs-nav .ui-state-hover,#tabs-1 .ui-tabs-nav .ui-state-hover a,#tabs-1 .ui-tabs-nav .ui-state-hover a .icon{color:#076aab;}#tabs-1 .ui-tabs-nav .inactive-block-title h1,#tabs-1 .ui-tabs-nav .inactive-block-title h2,#tabs-1 .ui-tabs-nav .inactive-block-title h3,#tabs-1 .ui-tabs-nav .inactive-block-title h4,#tabs-1 .ui-tabs-nav .inactive-block-title h5,#tabs-1 .ui-tabs-nav .inactive-block-title h6{color:#36346f;}#tabs-1.horizontal .pane{background:#b5e0fc;}#tabs-1.horizontal .pane,#tabs-1.horizontal .pane p,#tabs-1.horizontal .pane a,#tabs-1.horizontal .pane .column-title,#tabs-1.horizontal .pane .sep-text h2.regular-title-wrapper,#tabs-1.horizontal .pane .text-divider-double,#tabs-1.horizontal .pane .sep-text .sep-text-line,#tabs-1.horizontal .pane .sep,#tabs-1.horizontal .pane .sep-2,#tabs-1.horizontal .pane .sep-3,#tabs-1.horizontal .pane td,#tabs-1.horizontal .pane th,#tabs-1.horizontal .pane caption{color:#076aab;}<\/style>\n","protected":false},"excerpt":{"rendered":"Administrativas \/ Assistentes de Consult\u00f3rio T\u00e9cnica de Radiologia T\u00e9cnicos de Cardiopneumologia Nat\u00e9rcia Dias Administrativa Vanessa Fernandes Administrativa Carina Marques Administrativa Mariana Clemente T\u00e9cnica de Radiologia Cl\u00e1udia Silva T\u00e9cnica de Cardiopneumologia Patr\u00edcia Barros T\u00e9cnica de Cardiopneumologia Ant\u00f3nio Barbosa T\u00e9cnico de Cardiopneumologia","protected":false},"author":3,"featured_media":0,"parent":0,"menu_order":0,"comment_status":"closed","ping_status":"closed","template":"","meta":{"ngg_post_thumbnail":0,"footnotes":""},"class_list":["post-9377","page","type-page","status-publish"],"_links":{"self":[{"href":"https:\/\/healthways.com.pt\/index.php\/wp-json\/wp\/v2\/pages\/9377","targetHints":{"allow":["GET"]}}],"collection":[{"href":"https:\/\/healthways.com.pt\/index.php\/wp-json\/wp\/v2\/pages"}],"about":[{"href":"https:\/\/healthways.com.pt\/index.php\/wp-json\/wp\/v2\/types\/page"}],"author":[{"embeddable":true,"href":"https:\/\/healthways.com.pt\/index.php\/wp-json\/wp\/v2\/users\/3"}],"replies":[{"embeddable":true,"href":"https:\/\/healthways.com.pt\/index.php\/wp-json\/wp\/v2\/comments?post=9377"}],"version-history":[{"count":13,"href":"https:\/\/healthways.com.pt\/index.php\/wp-json\/wp\/v2\/pages\/9377\/revisions"}],"predecessor-version":[{"id":9594,"href":"https:\/\/healthways.com.pt\/index.php\/wp-json\/wp\/v2\/pages\/9377\/revisions\/9594"}],"wp:attachment":[{"href":"https:\/\/healthways.com.pt\/index.php\/wp-json\/wp\/v2\/media?parent=9377"}],"curies":[{"name":"wp","href":"https:\/\/api.w.org\/{rel}","templated":true}]}}